{"id":8861,"date":"2023-10-30T04:58:57","date_gmt":"2023-10-30T04:58:57","guid":{"rendered":"https:\/\/yogaplanet.edu.vn\/dang-ky-nhan-tu-van-chuong-trinh\/"},"modified":"2026-03-16T08:14:35","modified_gmt":"2026-03-16T08:14:35","slug":"dang-ky-nhan-tu-van-chuong-trinh","status":"publish","type":"page","link":"https:\/\/yogaplanet.edu.vn\/en\/dang-ky-nhan-tu-van-chuong-trinh\/","title":{"rendered":"\u0110\u0103ng k\u00fd nh\u1eadn t\u01b0 v\u1ea5n ch\u01b0\u01a1ng tr\u00ecnh"},"content":{"rendered":"\t\t<div data-elementor-type=\"wp-page\" data-elementor-id=\"8861\" class=\"elementor elementor-8861\" data-elementor-post-type=\"page\">\n\t\t\t\t\t\t<section class=\"elementor-section elementor-top-section elementor-element elementor-element-6aa02dd elementor-section-height-min-height elementor-section-items-top elementor-section-boxed elementor-section-height-default e-parent\" data-id=\"6aa02dd\" data-element_type=\"section\" data-settings=\"{&quot;background_background&quot;:&quot;classic&quot;}\">\n\t\t\t\t\t\t<div class=\"elementor-container elementor-column-gap-default\">\n\t\t\t\t\t<div class=\"elementor-column elementor-col-100 elementor-top-column elementor-element elementor-element-4e0d987 lakit-col-width-auto-no\" data-id=\"4e0d987\" data-element_type=\"column\">\n\t\t\t<div class=\"elementor-widget-wrap elementor-element-populated\">\n\t\t\t\t\t\t<div class=\"elementor-element elementor-element-9f5ac66 elementor-widget elementor-widget-heading\" data-id=\"9f5ac66\" data-element_type=\"widget\" data-widget_type=\"heading.default\">\n\t\t\t\t<div class=\"elementor-widget-container\">\n\t\t\t<style>\/*! elementor - v3.22.0 - 26-06-2024 *\/\n.elementor-heading-title{padding:0;margin:0;line-height:1}.elementor-widget-heading .elementor-heading-title[class*=elementor-size-]>a{color:inherit;font-size:inherit;line-height:inherit}.elementor-widget-heading .elementor-heading-title.elementor-size-small{font-size:15px}.elementor-widget-heading .elementor-heading-title.elementor-size-medium{font-size:19px}.elementor-widget-heading .elementor-heading-title.elementor-size-large{font-size:29px}.elementor-widget-heading .elementor-heading-title.elementor-size-xl{font-size:39px}.elementor-widget-heading .elementor-heading-title.elementor-size-xxl{font-size:59px}<\/style><h2 class=\"elementor-heading-title elementor-size-default\">\u0111\u0103ng k\u00fd nh\u1eadn t\u01b0 v\u1ea5n <br>ch\u01b0\u01a1ng tr\u00ecnh<\/h2>\t\t<\/div>\n\t\t\t\t<\/div>\n\t\t\t\t\t<\/div>\n\t\t<\/div>\n\t\t\t\t\t<\/div>\n\t\t<\/section>\n\t\t\t\t<section class=\"elementor-section elementor-top-section elementor-element elementor-element-6c636a4 elementor-section-boxed elementor-section-height-default elementor-section-height-default e-parent\" data-id=\"6c636a4\" data-element_type=\"section\">\n\t\t\t\t\t\t<div class=\"elementor-container elementor-column-gap-default\">\n\t\t\t\t\t<div class=\"elementor-column elementor-col-100 elementor-top-column elementor-element elementor-element-b69913c lakit-col-width-auto-no\" data-id=\"b69913c\" data-element_type=\"column\">\n\t\t\t<div class=\"elementor-widget-wrap elementor-element-populated\">\n\t\t\t\t\t\t<div class=\"elementor-element elementor-element-01cc50b elementor-widget elementor-widget-image\" data-id=\"01cc50b\" data-element_type=\"widget\" data-widget_type=\"image.default\">\n\t\t\t\t<div class=\"elementor-widget-container\">\n\t\t\t<style>\/*! elementor - v3.22.0 - 26-06-2024 *\/\n.elementor-widget-image{text-align:center}.elementor-widget-image a{display:inline-block}.elementor-widget-image a img[src$=\".svg\"]{width:48px}.elementor-widget-image img{vertical-align:middle;display:inline-block}<\/style>\t\t\t\t\t\t\t\t\t\t<img fetchpriority=\"high\" decoding=\"async\" width=\"1920\" height=\"711\" src=\"https:\/\/yogaplanet.edu.vn\/wp-content\/uploads\/2026\/03\/Image.jpg\" class=\"attachment-full size-full wp-image-12447\" alt=\"\" srcset=\"https:\/\/yogaplanet.edu.vn\/wp-content\/uploads\/2026\/03\/Image.jpg 1920w, https:\/\/yogaplanet.edu.vn\/wp-content\/uploads\/2026\/03\/Image-300x111.jpg 300w, https:\/\/yogaplanet.edu.vn\/wp-content\/uploads\/2026\/03\/Image-1024x379.jpg 1024w, https:\/\/yogaplanet.edu.vn\/wp-content\/uploads\/2026\/03\/Image-768x284.jpg 768w, https:\/\/yogaplanet.edu.vn\/wp-content\/uploads\/2026\/03\/Image-1536x569.jpg 1536w\" sizes=\"(max-width: 1920px) 100vw, 1920px\" \/>\t\t\t\t\t\t\t\t\t\t\t\t\t<\/div>\n\t\t\t\t<\/div>\n\t\t\t\t<div class=\"elementor-element elementor-element-ff19cb3 elementor-widget elementor-widget-pp-info-box\" data-id=\"ff19cb3\" data-element_type=\"widget\" data-widget_type=\"pp-info-box.default\">\n\t\t\t\t<div class=\"elementor-widget-container\">\n\t\t\t\t\t<div class=\"pp-info-box-container\">\n\t\t\t<div class=\"pp-info-box\">\n\t\t\t\t\t\t\t\t<div class=\"pp-info-box-content\">\n\t\t\t\t\t<div class=\"pp-info-box-title-wrap\">\n\t\t\t\t\t\t\t\t\t\t\t\t\t<div class=\"pp-info-box-title-container\">\n\t\t\t\t\t\t\t\t<h4 class=\"pp-info-box-title\">\n\t\t\t\t\t\t\t\t\tCh\u00e0o M\u1eebng B\u1ea1n \u0110\u1ebfn V\u1edbi Yoga Planet \u2013 Ch\u01b0\u01a1ng Tr\u00ecnh Yoga K\u1ec3 Chuy\u1ec7n Tr\u1ebb Em \u0110\u1ea7u Ti\u00ean T\u1ea1i Vi\u1ec7t Nam\t\t\t\t\t\t\t\t<\/h4>\n\t\t\t\t\t\t\t<\/div>\n\t\t\t\t\t\t\t\t\t\t\t\t<\/div>\n\n\t\t\t\t\t\n\t\t\t\t\t\t\t\t\t\t\t<div class=\"pp-info-box-description\">\n\t\t\t\t\t\t\t<p>C\u00e1m \u01a1n s\u1ef1 quan t\u00e2m c\u1ee7a Qu\u00fd tr\u01b0\u1eddng v\u1ec1 ch\u01b0\u01a1ng tr\u00ecnh Yoga K\u1ec3 chuy\u1ec7n tr\u1ebb em t\u1ea1i tr\u01b0\u1eddng h\u1ecdc c\u1ee7a Yoga Planet.<\/p><p>Yoga Planet l\u00e0 tr\u01b0\u1eddng gi\u1ea3ng d\u1ea1y Yoga K\u1ec3 chuy\u1ec7n Tr\u1ebb em \u0111\u1ea7u ti\u00ean t\u1ea1i Vi\u1ec7t Nam \u0111\u1ea1t ch\u1ee9ng nh\u1eadn Registered Children\u2019s Yoga School (RCYS) c\u1ee7a Li\u00ean minh Yoga Qu\u1ed1c t\u1ebf M\u1ef9 \u2013 Yoga Alliance. C\u00e1c ch\u01b0\u01a1ng tr\u00ecnh c\u1ee7a ch\u00fang t\u00f4i \u0111\u01b0\u1ee3c thi\u1ebft k\u1ebf \u0111\u1ed9c quy\u1ec1n v\u00e0 s\u00e1ng t\u1ea1o, d\u00e0nh ri\u00eang cho v\u1edbi c\u00e1c b\u1ea1n nh\u1ecf t\u1eeb 2 \u0111\u1ebfn 10 tu\u1ed5i.<\/p><p><strong>\u0110\u1ec2 \u0110\u0102NG K\u00dd M\u1ede L\u1edaP TR\u1ea2I NGHI\u1ec6M TH\u1ef0C T\u1ebe T\u1ea0I TR\u01af\u1edcNG. QU\u00dd TR\u01af\u1edcNG VUI L\u00d2NG \u0110I\u1ec0N \u0110\u1ea6Y \u0110\u1ee6 M\u1ed8T S\u1ed0 TH\u00d4NG TIN B\u00caN D\u01af\u1edaI \u0110\u1ec2 CH\u00daNG T\u00d4I C\u00d3 S\u1ef0 CHU\u1ea8N B\u1eca T\u1ed0T NH\u1ea4T<\/strong><\/p>\t\t\t\t\t\t<\/div>\n\t\t\t\t\t\t\t\t\t\t\t\t\t\t<\/div>\n\t\t\t<\/div>\n\t\t<\/div>\n\t\t\t\t<\/div>\n\t\t\t\t<\/div>\n\t\t\t\t\t<\/div>\n\t\t<\/div>\n\t\t\t\t\t<\/div>\n\t\t<\/section>\n\t\t\t\t<\/div>\n\t\t","protected":false},"excerpt":{"rendered":"<p>\u0111\u0103ng k\u00fd nh\u1eadn t\u01b0 v\u1ea5n ch\u01b0\u01a1ng tr\u00ecnh Ch\u00e0o M\u1eebng B\u1ea1n \u0110\u1ebfn V\u1edbi Yoga Planet \u2013&#8230;<\/p>\n","protected":false},"author":1,"featured_media":0,"parent":0,"menu_order":0,"comment_status":"closed","ping_status":"closed","template":"elementor_header_footer","meta":{"_acf_changed":false,"footnotes":""},"acf":[],"_links":{"self":[{"href":"https:\/\/yogaplanet.edu.vn\/en\/wp-json\/wp\/v2\/pages\/8861"}],"collection":[{"href":"https:\/\/yogaplanet.edu.vn\/en\/wp-json\/wp\/v2\/pages"}],"about":[{"href":"https:\/\/yogaplanet.edu.vn\/en\/wp-json\/wp\/v2\/types\/page"}],"author":[{"embeddable":true,"href":"https:\/\/yogaplanet.edu.vn\/en\/wp-json\/wp\/v2\/users\/1"}],"replies":[{"embeddable":true,"href":"https:\/\/yogaplanet.edu.vn\/en\/wp-json\/wp\/v2\/comments?post=8861"}],"version-history":[{"count":6,"href":"https:\/\/yogaplanet.edu.vn\/en\/wp-json\/wp\/v2\/pages\/8861\/revisions"}],"predecessor-version":[{"id":12453,"href":"https:\/\/yogaplanet.edu.vn\/en\/wp-json\/wp\/v2\/pages\/8861\/revisions\/12453"}],"wp:attachment":[{"href":"https:\/\/yogaplanet.edu.vn\/en\/wp-json\/wp\/v2\/media?parent=8861"}],"curies":[{"name":"wp","href":"https:\/\/api.w.org\/{rel}","templated":true}]}}